{"id":523,"date":"2021-03-08T18:30:01","date_gmt":"2021-03-08T17:30:01","guid":{"rendered":"https:\/\/asimpression3d.com\/?page_id=523"},"modified":"2022-03-02T14:50:15","modified_gmt":"2022-03-02T13:50:15","slug":"galerie","status":"publish","type":"page","link":"https:\/\/asimpression3d.com\/index.php\/galerie\/","title":{"rendered":"Galerie"},"content":{"rendered":"\t\t<div data-elementor-type=\"wp-page\" data-elementor-id=\"523\" class=\"elementor elementor-523\">\n\t\t\t\t\t\t<div class=\"elementor-inner\">\n\t\t\t\t<div class=\"elementor-section-wrap\">\n\t\t\t\t\t\t\t\t\t<section class=\"elementor-section elementor-top-section elementor-element elementor-element-5b0f785 elementor-section-boxed elementor-section-height-default elementor-section-height-default\" data-id=\"5b0f785\" data-element_type=\"section\">\n\t\t\t\t\t\t<div class=\"elementor-container elementor-column-gap-default\">\n\t\t\t\t\t\t\t<div class=\"elementor-row\">\n\t\t\t\t\t<div class=\"elementor-column elementor-col-100 elementor-top-column elementor-element elementor-element-78b9048\" data-id=\"78b9048\" data-element_type=\"column\">\n\t\t\t<div class=\"elementor-column-wrap elementor-element-populated\">\n\t\t\t\t\t\t\t<div class=\"elementor-widget-wrap\">\n\t\t\t\t\t\t<div class=\"elementor-element elementor-element-b00b452 elementor-arrows-position-inside elementor-pagination-position-outside elementor-widget elementor-widget-image-carousel\" data-id=\"b00b452\" data-element_type=\"widget\" data-settings=\"{&quot;navigation&quot;:&quot;both&quot;,&quot;autoplay&quot;:&quot;yes&quot;,&quot;pause_on_hover&quot;:&quot;yes&quot;,&quot;pause_on_interaction&quot;:&quot;yes&quot;,&quot;autoplay_speed&quot;:5000,&quot;infinite&quot;:&quot;yes&quot;,&quot;speed&quot;:500}\" data-widget_type=\"image-carousel.default\">\n\t\t\t\t<div class=\"elementor-widget-container\">\n\t\t\t\t\t<div class=\"elementor-image-carousel-wrapper swiper-container\" dir=\"ltr\">\n\t\t\t<div class=\"elementor-image-carousel swiper-wrapper\">\n\t\t\t\t\t\t\t\t<div class=\"swiper-slide\"><figure class=\"swiper-slide-inner\"><img decoding=\"async\" class=\"swiper-slide-image\" src=\"https:\/\/i0.wp.com\/asimpression3d.com\/wp-content\/uploads\/2021\/03\/20210225_170617-scaled.jpg?fit=1024%2C576&amp;ssl=1\" alt=\"Support de racle\" \/><figcaption class=\"elementor-image-carousel-caption\">Support de racle <\/figcaption><\/figure><\/div><div class=\"swiper-slide\"><figure class=\"swiper-slide-inner\"><img decoding=\"async\" class=\"swiper-slide-image\" src=\"https:\/\/i0.wp.com\/asimpression3d.com\/wp-content\/uploads\/2021\/05\/IMG_20210523_160320-1-scaled.jpg?fit=768%2C1024&amp;ssl=1\" alt=\"Clapet de pompe \u00e0 vide 1\" \/><figcaption class=\"elementor-image-carousel-caption\">Clapet de pompe \u00e0 vide 1<\/figcaption><\/figure><\/div><div class=\"swiper-slide\"><figure class=\"swiper-slide-inner\"><img decoding=\"async\" class=\"swiper-slide-image\" src=\"https:\/\/i0.wp.com\/asimpression3d.com\/wp-content\/uploads\/2021\/05\/IMG_20210523_160309-1-scaled.jpg?fit=768%2C1024&amp;ssl=1\" alt=\"Clapet de pompe \u00e0 vide 2\" \/><figcaption class=\"elementor-image-carousel-caption\">Clapet de pompe \u00e0 vide 2<\/figcaption><\/figure><\/div><div class=\"swiper-slide\"><figure class=\"swiper-slide-inner\"><img decoding=\"async\" class=\"swiper-slide-image\" src=\"https:\/\/i0.wp.com\/asimpression3d.com\/wp-content\/uploads\/2020\/12\/IMG_20201212_193806-3-scaled.jpg?fit=768%2C1024&amp;ssl=1\" alt=\"Bague \u00e9paul\u00e9e\" \/><figcaption class=\"elementor-image-carousel-caption\">Bague \u00e9paul\u00e9e<\/figcaption><\/figure><\/div><div class=\"swiper-slide\"><figure class=\"swiper-slide-inner\"><img decoding=\"async\" class=\"swiper-slide-image\" src=\"https:\/\/i0.wp.com\/asimpression3d.com\/wp-content\/uploads\/2021\/03\/20210301_122918-scaled.jpg?fit=1024%2C576&amp;ssl=1\" alt=\"Syst\u00e8me de r\u00e9glage hauteur ceinture de s\u00e9curit\u00e9\" \/><figcaption class=\"elementor-image-carousel-caption\">Syst\u00e8me de r\u00e9glage hauteur ceinture de s\u00e9curit\u00e9<\/figcaption><\/figure><\/div><div class=\"swiper-slide\"><figure class=\"swiper-slide-inner\"><img decoding=\"async\" class=\"swiper-slide-image\" src=\"https:\/\/i0.wp.com\/asimpression3d.com\/wp-content\/uploads\/2021\/03\/20201217_194631-scaled.jpg?fit=1024%2C576&amp;ssl=1\" alt=\"d\u00e9tail syst\u00e8me de r\u00e9glage hauteur ceinture de s\u00e9curit\u00e9\" \/><figcaption class=\"elementor-image-carousel-caption\">d\u00e9tail syst\u00e8me de r\u00e9glage hauteur ceinture de s\u00e9curit\u00e9<\/figcaption><\/figure><\/div><div class=\"swiper-slide\"><figure class=\"swiper-slide-inner\"><img decoding=\"async\" class=\"swiper-slide-image\" src=\"https:\/\/i0.wp.com\/asimpression3d.com\/wp-content\/uploads\/2021\/05\/IMG_20210523_141354-scaled.jpg?fit=768%2C1024&amp;ssl=1\" alt=\"Support repose pied EVERLAX\" \/><figcaption class=\"elementor-image-carousel-caption\">Support repose pied EVERLAX<\/figcaption><\/figure><\/div><div class=\"swiper-slide\"><figure class=\"swiper-slide-inner\"><img decoding=\"async\" class=\"swiper-slide-image\" src=\"https:\/\/i0.wp.com\/asimpression3d.com\/wp-content\/uploads\/2021\/02\/received_2076035672703967-scaled.jpeg?fit=573%2C1024&amp;ssl=1\" alt=\"Drip Tip\" \/><figcaption class=\"elementor-image-carousel-caption\">Drip Tip<\/figcaption><\/figure><\/div><div class=\"swiper-slide\"><figure class=\"swiper-slide-inner\"><img decoding=\"async\" class=\"swiper-slide-image\" src=\"https:\/\/i0.wp.com\/asimpression3d.com\/wp-content\/uploads\/2021\/03\/20201212_191255-scaled.jpg?fit=576%2C1024&amp;ssl=1\" alt=\"Bague isolante\" \/><figcaption class=\"elementor-image-carousel-caption\">Bague isolante <\/figcaption><\/figure><\/div><div class=\"swiper-slide\"><figure class=\"swiper-slide-inner\"><img decoding=\"async\" class=\"swiper-slide-image\" src=\"https:\/\/i0.wp.com\/asimpression3d.com\/wp-content\/uploads\/2021\/10\/IMG_20211012_160211-scaled.jpg?fit=1024%2C768&amp;ssl=1\" alt=\"Bague \u00e9paul\u00e9e injection\" \/><figcaption class=\"elementor-image-carousel-caption\">Bague \u00e9paul\u00e9e injection<\/figcaption><\/figure><\/div><div class=\"swiper-slide\"><figure class=\"swiper-slide-inner\"><img decoding=\"async\" class=\"swiper-slide-image\" src=\"https:\/\/i0.wp.com\/asimpression3d.com\/wp-content\/uploads\/2021\/12\/IMG_20211215_092451-scaled.jpg?fit=1024%2C768&amp;ssl=1\" alt=\"R\u00e9paration cadre\" \/><figcaption class=\"elementor-image-carousel-caption\">R\u00e9paration cadre <\/figcaption><\/figure><\/div><div class=\"swiper-slide\"><figure class=\"swiper-slide-inner\"><img decoding=\"async\" class=\"swiper-slide-image\" src=\"https:\/\/i0.wp.com\/asimpression3d.com\/wp-content\/uploads\/2021\/05\/received_1773999969447692.jpeg?fit=1024%2C576&amp;ssl=1\" alt=\"R\u00e9paration haut de porte de camping-car\" \/><figcaption class=\"elementor-image-carousel-caption\">R\u00e9paration haut de porte de camping-car<\/figcaption><\/figure><\/div><div class=\"swiper-slide\"><figure class=\"swiper-slide-inner\"><img decoding=\"async\" class=\"swiper-slide-image\" src=\"https:\/\/i0.wp.com\/asimpression3d.com\/wp-content\/uploads\/2021\/02\/IMG_20201229_175237-scaled.jpg?fit=768%2C1024&amp;ssl=1\" alt=\"R\u00e9paration interrupteur\" \/><figcaption class=\"elementor-image-carousel-caption\">R\u00e9paration interrupteur <\/figcaption><\/figure><\/div><div class=\"swiper-slide\"><figure class=\"swiper-slide-inner\"><img decoding=\"async\" class=\"swiper-slide-image\" src=\"https:\/\/i0.wp.com\/asimpression3d.com\/wp-content\/uploads\/2021\/09\/IMG_20210902_232102-scaled.jpg?fit=1024%2C768&amp;ssl=1\" alt=\"Porte carte de visite 2 et 3\" \/><figcaption class=\"elementor-image-carousel-caption\">Porte carte de visite 2 et 3<\/figcaption><\/figure><\/div><div class=\"swiper-slide\"><figure class=\"swiper-slide-inner\"><img decoding=\"async\" class=\"swiper-slide-image\" src=\"https:\/\/i0.wp.com\/asimpression3d.com\/wp-content\/uploads\/2021\/09\/IMG_20210923_164818-scaled.jpg?fit=1024%2C768&amp;ssl=1\" alt=\"Porte cl\u00e9 organisateur\" \/><figcaption class=\"elementor-image-carousel-caption\">Porte cl\u00e9 organisateur<\/figcaption><\/figure><\/div><div class=\"swiper-slide\"><figure class=\"swiper-slide-inner\"><img decoding=\"async\" class=\"swiper-slide-image\" src=\"https:\/\/i0.wp.com\/asimpression3d.com\/wp-content\/uploads\/2021\/09\/IMG_20210923_194123-scaled.jpg?fit=768%2C1024&amp;ssl=1\" alt=\"Porte carte de visite 1\" \/><figcaption class=\"elementor-image-carousel-caption\">Porte carte de visite 1<\/figcaption><\/figure><\/div><div class=\"swiper-slide\"><figure class=\"swiper-slide-inner\"><img decoding=\"async\" class=\"swiper-slide-image\" src=\"https:\/\/i0.wp.com\/asimpression3d.com\/wp-content\/uploads\/2021\/10\/IMG_20211006_184943-scaled.jpg?fit=1024%2C768&amp;ssl=1\" alt=\"Photo incurv\u00e9e 1\" \/><figcaption class=\"elementor-image-carousel-caption\">Photo incurv\u00e9e 1<\/figcaption><\/figure><\/div><div class=\"swiper-slide\"><figure class=\"swiper-slide-inner\"><img decoding=\"async\" class=\"swiper-slide-image\" src=\"https:\/\/i0.wp.com\/asimpression3d.com\/wp-content\/uploads\/2021\/10\/IMG_20211006_184904-scaled.jpg?fit=1024%2C768&amp;ssl=1\" alt=\"Photo incurv\u00e9e 2\" \/><figcaption class=\"elementor-image-carousel-caption\">Photo incurv\u00e9e 2<\/figcaption><\/figure><\/div><div class=\"swiper-slide\"><figure class=\"swiper-slide-inner\"><img decoding=\"async\" class=\"swiper-slide-image\" src=\"https:\/\/i0.wp.com\/asimpression3d.com\/wp-content\/uploads\/2022\/01\/IMG_20211013_085644-scaled.jpg?fit=768%2C1024&amp;ssl=1\" alt=\"Photo droite 1\" \/><figcaption class=\"elementor-image-carousel-caption\">Photo droite 1<\/figcaption><\/figure><\/div><div class=\"swiper-slide\"><figure class=\"swiper-slide-inner\"><img decoding=\"async\" class=\"swiper-slide-image\" src=\"https:\/\/i0.wp.com\/asimpression3d.com\/wp-content\/uploads\/2022\/01\/IMG_20211013_085504-scaled.jpg?fit=1024%2C768&amp;ssl=1\" alt=\"Photo droite 2\" \/><figcaption class=\"elementor-image-carousel-caption\">Photo droite 2<\/figcaption><\/figure><\/div><div class=\"swiper-slide\"><figure class=\"swiper-slide-inner\"><img decoding=\"async\" class=\"swiper-slide-image\" src=\"https:\/\/i0.wp.com\/asimpression3d.com\/wp-content\/uploads\/2022\/01\/IMG_20211013_085431-scaled.jpg?fit=1024%2C715&amp;ssl=1\" alt=\"Photo droite 3\" \/><figcaption class=\"elementor-image-carousel-caption\">Photo droite 3<\/figcaption><\/figure><\/div><div class=\"swiper-slide\"><figure class=\"swiper-slide-inner\"><img decoding=\"async\" class=\"swiper-slide-image\" src=\"https:\/\/i0.wp.com\/asimpression3d.com\/wp-content\/uploads\/2021\/10\/received_4413364732090172.jpeg?fit=720%2C960&amp;ssl=1\" alt=\"Lampe 3 photos\" \/><figcaption class=\"elementor-image-carousel-caption\">Lampe 3 photos<\/figcaption><\/figure><\/div><div class=\"swiper-slide\"><figure class=\"swiper-slide-inner\"><img decoding=\"async\" class=\"swiper-slide-image\" src=\"https:\/\/i0.wp.com\/asimpression3d.com\/wp-content\/uploads\/2022\/01\/IMG_20211126_083517-scaled.jpg?fit=768%2C1024&amp;ssl=1\" alt=\"Enseigne lumineuse 1\" \/><figcaption class=\"elementor-image-carousel-caption\">Enseigne lumineuse 1<\/figcaption><\/figure><\/div><div class=\"swiper-slide\"><figure class=\"swiper-slide-inner\"><img decoding=\"async\" class=\"swiper-slide-image\" src=\"https:\/\/i0.wp.com\/asimpression3d.com\/wp-content\/uploads\/2022\/01\/IMG_20220104_174148-scaled.jpg?fit=768%2C1024&amp;ssl=1\" alt=\"Enseigne lumineuse 2\" \/><figcaption class=\"elementor-image-carousel-caption\">Enseigne lumineuse 2<\/figcaption><\/figure><\/div><div class=\"swiper-slide\"><figure class=\"swiper-slide-inner\"><img decoding=\"async\" class=\"swiper-slide-image\" src=\"https:\/\/i0.wp.com\/asimpression3d.com\/wp-content\/uploads\/2022\/01\/received_749522386443708.jpeg?fit=469%2C592&amp;ssl=1\" alt=\"Photophore 1\" \/><figcaption class=\"elementor-image-carousel-caption\">Photophore 1<\/figcaption><\/figure><\/div><div class=\"swiper-slide\"><figure class=\"swiper-slide-inner\"><img decoding=\"async\" class=\"swiper-slide-image\" src=\"https:\/\/i0.wp.com\/asimpression3d.com\/wp-content\/uploads\/2022\/01\/received_695042168125956.jpeg?fit=392%2C461&amp;ssl=1\" alt=\"Photophore 2\" \/><figcaption class=\"elementor-image-carousel-caption\">Photophore 2<\/figcaption><\/figure><\/div><div class=\"swiper-slide\"><figure class=\"swiper-slide-inner\"><img decoding=\"async\" class=\"swiper-slide-image\" src=\"https:\/\/i0.wp.com\/asimpression3d.com\/wp-content\/uploads\/2022\/01\/IMG_20211124_144020.jpg?fit=897%2C1024&amp;ssl=1\" alt=\"Photophore 3\" \/><figcaption class=\"elementor-image-carousel-caption\">Photophore 3<\/figcaption><\/figure><\/div><div class=\"swiper-slide\"><figure class=\"swiper-slide-inner\"><img decoding=\"async\" class=\"swiper-slide-image\" src=\"https:\/\/i0.wp.com\/asimpression3d.com\/wp-content\/uploads\/2022\/03\/received_1052023002196044.jpeg?fit=750%2C563&amp;ssl=1\" alt=\"Enjoliveur opel Ascona\" \/><figcaption class=\"elementor-image-carousel-caption\">Enjoliveur opel Ascona <\/figcaption><\/figure><\/div><div class=\"swiper-slide\"><figure class=\"swiper-slide-inner\"><img decoding=\"async\" class=\"swiper-slide-image\" src=\"https:\/\/i0.wp.com\/asimpression3d.com\/wp-content\/uploads\/2022\/03\/received_686743469190370.jpeg?fit=750%2C563&amp;ssl=1\" alt=\"Enjoliveur opel Ascona\" \/><figcaption class=\"elementor-image-carousel-caption\">Enjoliveur opel Ascona<\/figcaption><\/figure><\/div><div class=\"swiper-slide\"><figure class=\"swiper-slide-inner\"><img decoding=\"async\" class=\"swiper-slide-image\" src=\"https:\/\/i0.wp.com\/asimpression3d.com\/wp-content\/uploads\/2022\/03\/IMG_20220224_164148-scaled.jpg?fit=768%2C1024&amp;ssl=1\" alt=\"Poign\u00e9es r\u00e9glage bras de tondeuse\" \/><figcaption class=\"elementor-image-carousel-caption\">Poign\u00e9es r\u00e9glage bras de tondeuse<\/figcaption><\/figure><\/div><div class=\"swiper-slide\"><figure class=\"swiper-slide-inner\"><img decoding=\"async\" class=\"swiper-slide-image\" src=\"https:\/\/i0.wp.com\/asimpression3d.com\/wp-content\/uploads\/2022\/03\/IMG_20220224_164033-scaled.jpg?fit=768%2C1024&amp;ssl=1\" alt=\"prise\/point mort tondeuse\" \/><figcaption class=\"elementor-image-carousel-caption\">prise\/point mort tondeuse<\/figcaption><\/figure><\/div><div class=\"swiper-slide\"><figure class=\"swiper-slide-inner\"><img decoding=\"async\" class=\"swiper-slide-image\" src=\"https:\/\/i0.wp.com\/asimpression3d.com\/wp-content\/uploads\/2022\/03\/IMG_20220125_091524-scaled.jpg?fit=1024%2C768&amp;ssl=1\" alt=\"Contacteur ma\u00eetre cylindre\" \/><figcaption class=\"elementor-image-carousel-caption\">Contacteur ma\u00eetre cylindre<\/figcaption><\/figure><\/div><div class=\"swiper-slide\"><figure class=\"swiper-slide-inner\"><img decoding=\"async\" class=\"swiper-slide-image\" src=\"https:\/\/i0.wp.com\/asimpression3d.com\/wp-content\/uploads\/2022\/03\/IMG_20220125_091458-scaled.jpg?fit=1024%2C768&amp;ssl=1\" alt=\"contacteur ma\u00eetre cylindre Beringer\" \/><figcaption class=\"elementor-image-carousel-caption\">contacteur ma\u00eetre cylindre Beringer<\/figcaption><\/figure><\/div>\t\t\t<\/div>\n\t\t\t\t\t\t\t\t\t\t\t\t<div class=\"swiper-pagination\"><\/div>\n\t\t\t\t\t\t\t\t\t\t\t\t\t<div class=\"elementor-swiper-button elementor-swiper-button-prev\" role=\"button\" tabindex=\"0\">\n\t\t\t\t\t\t<i aria-hidden=\"true\" class=\"eicon-chevron-left\"><\/i>\t\t\t\t\t\t<span class=\"elementor-screen-only\">Previous image<\/span>\n\t\t\t\t\t<\/div>\n\t\t\t\t\t<div class=\"elementor-swiper-button elementor-swiper-button-next\" role=\"button\" tabindex=\"0\">\n\t\t\t\t\t\t<i aria-hidden=\"true\" class=\"eicon-chevron-right\"><\/i>\t\t\t\t\t\t<span class=\"elementor-screen-only\">Next image<\/span>\n\t\t\t\t\t<\/div>\n\t\t\t\t\t\t\t\t\t<\/div>\n\t\t\t\t<\/div>\n\t\t\t\t<\/div>\n\t\t\t\t\t\t<\/div>\n\t\t\t\t\t<\/div>\n\t\t<\/div>\n\t\t\t\t\t\t\t\t<\/div>\n\t\t\t\t\t<\/div>\n\t\t<\/section>\n\t\t\t\t\t\t\t\t\t<\/div>\n\t\t\t<\/div>\n\t\t\t\t\t<\/div>\n\t\t","protected":false},"excerpt":{"rendered":"<p>Support de racle Clapet de pompe \u00e0 vide 1 Clapet de pompe \u00e0 vide 2 Bague \u00e9paul\u00e9e Syst\u00e8me de r\u00e9glage hauteur ceinture de s\u00e9curit\u00e9 d\u00e9tail syst\u00e8me de r\u00e9glage hauteur ceinture de s\u00e9curit\u00e9 Support repose pied EVERLAX Drip Tip Bague isolante Bague \u00e9paul\u00e9e injection R\u00e9paration cadre R\u00e9paration haut de porte de camping-car R\u00e9paration interrupteur Porte carte [&hellip;]<\/p>\n","protected":false},"author":1,"featured_media":0,"parent":0,"menu_order":0,"comment_status":"closed","ping_status":"closed","template":"","meta":{"footnotes":""},"class_list":["post-523","page","type-page","status-publish","hentry","entry"],"yoast_head":"<!-- This site is optimized with the Yoast SEO plugin v24.3 - https:\/\/yoast.com\/wordpress\/plugins\/seo\/ -->\n<title>Galerie - Impression 3D Vienne 86<\/title>\n<meta name=\"robots\" content=\"index, follow, max-snippet:-1, max-image-preview:large, max-video-preview:-1\" \/>\n<link rel=\"canonical\" href=\"https:\/\/asimpression3d.com\/index.php\/galerie\/\" \/>\n<meta property=\"og:locale\" content=\"fr_FR\" \/>\n<meta property=\"og:type\" content=\"article\" \/>\n<meta property=\"og:title\" content=\"Galerie - Impression 3D Vienne 86\" \/>\n<meta property=\"og:description\" content=\"Support de racle Clapet de pompe \u00e0 vide 1 Clapet de pompe \u00e0 vide 2 Bague \u00e9paul\u00e9e Syst\u00e8me de r\u00e9glage hauteur ceinture de s\u00e9curit\u00e9 d\u00e9tail syst\u00e8me de r\u00e9glage hauteur ceinture de s\u00e9curit\u00e9 Support repose pied EVERLAX Drip Tip Bague isolante Bague \u00e9paul\u00e9e injection R\u00e9paration cadre R\u00e9paration haut de porte de camping-car R\u00e9paration interrupteur Porte carte [&hellip;]\" \/>\n<meta property=\"og:url\" content=\"https:\/\/asimpression3d.com\/index.php\/galerie\/\" \/>\n<meta property=\"og:site_name\" content=\"Impression 3D Vienne 86\" \/>\n<meta property=\"article:publisher\" content=\"https:\/\/www.facebook.com\/AS-3D-106638415134071\/\" \/>\n<meta property=\"article:modified_time\" content=\"2022-03-02T13:50:15+00:00\" \/>\n<meta property=\"og:image\" content=\"https:\/\/asimpression3d.com\/wp-content\/uploads\/2021\/03\/20210225_170617-1024x576.jpg\" \/>\n<meta name=\"twitter:card\" content=\"summary_large_image\" \/>\n<meta name=\"twitter:label1\" content=\"Dur\u00e9e de lecture estim\u00e9e\" \/>\n\t<meta name=\"twitter:data1\" content=\"9 minutes\" \/>\n<script type=\"application\/ld+json\" class=\"yoast-schema-graph\">{\"@context\":\"https:\/\/schema.org\",\"@graph\":[{\"@type\":\"WebPage\",\"@id\":\"https:\/\/asimpression3d.com\/index.php\/galerie\/\",\"url\":\"https:\/\/asimpression3d.com\/index.php\/galerie\/\",\"name\":\"Galerie - Impression 3D Vienne 86\",\"isPartOf\":{\"@id\":\"https:\/\/asimpression3d.com\/#website\"},\"primaryImageOfPage\":{\"@id\":\"https:\/\/asimpression3d.com\/index.php\/galerie\/#primaryimage\"},\"image\":{\"@id\":\"https:\/\/asimpression3d.com\/index.php\/galerie\/#primaryimage\"},\"thumbnailUrl\":\"https:\/\/asimpression3d.com\/wp-content\/uploads\/2021\/03\/20210225_170617-1024x576.jpg\",\"datePublished\":\"2021-03-08T17:30:01+00:00\",\"dateModified\":\"2022-03-02T13:50:15+00:00\",\"breadcrumb\":{\"@id\":\"https:\/\/asimpression3d.com\/index.php\/galerie\/#breadcrumb\"},\"inLanguage\":\"fr-FR\",\"potentialAction\":[{\"@type\":\"ReadAction\",\"target\":[\"https:\/\/asimpression3d.com\/index.php\/galerie\/\"]}]},{\"@type\":\"ImageObject\",\"inLanguage\":\"fr-FR\",\"@id\":\"https:\/\/asimpression3d.com\/index.php\/galerie\/#primaryimage\",\"url\":\"https:\/\/i0.wp.com\/asimpression3d.com\/wp-content\/uploads\/2021\/03\/20210225_170617-scaled.jpg?fit=2560%2C1440&ssl=1\",\"contentUrl\":\"https:\/\/i0.wp.com\/asimpression3d.com\/wp-content\/uploads\/2021\/03\/20210225_170617-scaled.jpg?fit=2560%2C1440&ssl=1\",\"width\":2560,\"height\":1440,\"caption\":\"Support de racle\"},{\"@type\":\"BreadcrumbList\",\"@id\":\"https:\/\/asimpression3d.com\/index.php\/galerie\/#breadcrumb\",\"itemListElement\":[{\"@type\":\"ListItem\",\"position\":1,\"name\":\"Accueil\",\"item\":\"https:\/\/asimpression3d.com\/\"},{\"@type\":\"ListItem\",\"position\":2,\"name\":\"Galerie\"}]},{\"@type\":\"WebSite\",\"@id\":\"https:\/\/asimpression3d.com\/#website\",\"url\":\"https:\/\/asimpression3d.com\/\",\"name\":\"Impression 3D Vienne 86\",\"description\":\"Impression 3D conception et production \u00e0 votre service\",\"publisher\":{\"@id\":\"https:\/\/asimpression3d.com\/#organization\"},\"potentialAction\":[{\"@type\":\"SearchAction\",\"target\":{\"@type\":\"EntryPoint\",\"urlTemplate\":\"https:\/\/asimpression3d.com\/?s={search_term_string}\"},\"query-input\":{\"@type\":\"PropertyValueSpecification\",\"valueRequired\":true,\"valueName\":\"search_term_string\"}}],\"inLanguage\":\"fr-FR\"},{\"@type\":\"Organization\",\"@id\":\"https:\/\/asimpression3d.com\/#organization\",\"name\":\"AS-3D\",\"url\":\"https:\/\/asimpression3d.com\/\",\"logo\":{\"@type\":\"ImageObject\",\"inLanguage\":\"fr-FR\",\"@id\":\"https:\/\/asimpression3d.com\/#\/schema\/logo\/image\/\",\"url\":\"https:\/\/i2.wp.com\/asimpression3d.com\/wp-content\/uploads\/2021\/02\/logo-original.png?fit=1875%2C1079&ssl=1\",\"contentUrl\":\"https:\/\/i2.wp.com\/asimpression3d.com\/wp-content\/uploads\/2021\/02\/logo-original.png?fit=1875%2C1079&ssl=1\",\"width\":1875,\"height\":1079,\"caption\":\"AS-3D\"},\"image\":{\"@id\":\"https:\/\/asimpression3d.com\/#\/schema\/logo\/image\/\"},\"sameAs\":[\"https:\/\/www.facebook.com\/AS-3D-106638415134071\/\"]}]}<\/script>\n<!-- \/ Yoast SEO plugin. -->","yoast_head_json":{"title":"Galerie - Impression 3D Vienne 86","robots":{"index":"index","follow":"follow","max-snippet":"max-snippet:-1","max-image-preview":"max-image-preview:large","max-video-preview":"max-video-preview:-1"},"canonical":"https:\/\/asimpression3d.com\/index.php\/galerie\/","og_locale":"fr_FR","og_type":"article","og_title":"Galerie - Impression 3D Vienne 86","og_description":"Support de racle Clapet de pompe \u00e0 vide 1 Clapet de pompe \u00e0 vide 2 Bague \u00e9paul\u00e9e Syst\u00e8me de r\u00e9glage hauteur ceinture de s\u00e9curit\u00e9 d\u00e9tail syst\u00e8me de r\u00e9glage hauteur ceinture de s\u00e9curit\u00e9 Support repose pied EVERLAX Drip Tip Bague isolante Bague \u00e9paul\u00e9e injection R\u00e9paration cadre R\u00e9paration haut de porte de camping-car R\u00e9paration interrupteur Porte carte [&hellip;]","og_url":"https:\/\/asimpression3d.com\/index.php\/galerie\/","og_site_name":"Impression 3D Vienne 86","article_publisher":"https:\/\/www.facebook.com\/AS-3D-106638415134071\/","article_modified_time":"2022-03-02T13:50:15+00:00","og_image":[{"url":"https:\/\/asimpression3d.com\/wp-content\/uploads\/2021\/03\/20210225_170617-1024x576.jpg","type":"","width":"","height":""}],"twitter_card":"summary_large_image","twitter_misc":{"Dur\u00e9e de lecture estim\u00e9e":"9 minutes"},"schema":{"@context":"https:\/\/schema.org","@graph":[{"@type":"WebPage","@id":"https:\/\/asimpression3d.com\/index.php\/galerie\/","url":"https:\/\/asimpression3d.com\/index.php\/galerie\/","name":"Galerie - Impression 3D Vienne 86","isPartOf":{"@id":"https:\/\/asimpression3d.com\/#website"},"primaryImageOfPage":{"@id":"https:\/\/asimpression3d.com\/index.php\/galerie\/#primaryimage"},"image":{"@id":"https:\/\/asimpression3d.com\/index.php\/galerie\/#primaryimage"},"thumbnailUrl":"https:\/\/asimpression3d.com\/wp-content\/uploads\/2021\/03\/20210225_170617-1024x576.jpg","datePublished":"2021-03-08T17:30:01+00:00","dateModified":"2022-03-02T13:50:15+00:00","breadcrumb":{"@id":"https:\/\/asimpression3d.com\/index.php\/galerie\/#breadcrumb"},"inLanguage":"fr-FR","potentialAction":[{"@type":"ReadAction","target":["https:\/\/asimpression3d.com\/index.php\/galerie\/"]}]},{"@type":"ImageObject","inLanguage":"fr-FR","@id":"https:\/\/asimpression3d.com\/index.php\/galerie\/#primaryimage","url":"https:\/\/i0.wp.com\/asimpression3d.com\/wp-content\/uploads\/2021\/03\/20210225_170617-scaled.jpg?fit=2560%2C1440&ssl=1","contentUrl":"https:\/\/i0.wp.com\/asimpression3d.com\/wp-content\/uploads\/2021\/03\/20210225_170617-scaled.jpg?fit=2560%2C1440&ssl=1","width":2560,"height":1440,"caption":"Support de racle"},{"@type":"BreadcrumbList","@id":"https:\/\/asimpression3d.com\/index.php\/galerie\/#breadcrumb","itemListElement":[{"@type":"ListItem","position":1,"name":"Accueil","item":"https:\/\/asimpression3d.com\/"},{"@type":"ListItem","position":2,"name":"Galerie"}]},{"@type":"WebSite","@id":"https:\/\/asimpression3d.com\/#website","url":"https:\/\/asimpression3d.com\/","name":"Impression 3D Vienne 86","description":"Impression 3D conception et production \u00e0 votre service","publisher":{"@id":"https:\/\/asimpression3d.com\/#organization"},"potentialAction":[{"@type":"SearchAction","target":{"@type":"EntryPoint","urlTemplate":"https:\/\/asimpression3d.com\/?s={search_term_string}"},"query-input":{"@type":"PropertyValueSpecification","valueRequired":true,"valueName":"search_term_string"}}],"inLanguage":"fr-FR"},{"@type":"Organization","@id":"https:\/\/asimpression3d.com\/#organization","name":"AS-3D","url":"https:\/\/asimpression3d.com\/","logo":{"@type":"ImageObject","inLanguage":"fr-FR","@id":"https:\/\/asimpression3d.com\/#\/schema\/logo\/image\/","url":"https:\/\/i2.wp.com\/asimpression3d.com\/wp-content\/uploads\/2021\/02\/logo-original.png?fit=1875%2C1079&ssl=1","contentUrl":"https:\/\/i2.wp.com\/asimpression3d.com\/wp-content\/uploads\/2021\/02\/logo-original.png?fit=1875%2C1079&ssl=1","width":1875,"height":1079,"caption":"AS-3D"},"image":{"@id":"https:\/\/asimpression3d.com\/#\/schema\/logo\/image\/"},"sameAs":["https:\/\/www.facebook.com\/AS-3D-106638415134071\/"]}]}},"jetpack_sharing_enabled":true,"amp_enabled":true,"_links":{"self":[{"href":"https:\/\/asimpression3d.com\/index.php\/wp-json\/wp\/v2\/pages\/523","targetHints":{"allow":["GET"]}}],"collection":[{"href":"https:\/\/asimpression3d.com\/index.php\/wp-json\/wp\/v2\/pages"}],"about":[{"href":"https:\/\/asimpression3d.com\/index.php\/wp-json\/wp\/v2\/types\/page"}],"author":[{"embeddable":true,"href":"https:\/\/asimpression3d.com\/index.php\/wp-json\/wp\/v2\/users\/1"}],"replies":[{"embeddable":true,"href":"https:\/\/asimpression3d.com\/index.php\/wp-json\/wp\/v2\/comments?post=523"}],"version-history":[{"count":16,"href":"https:\/\/asimpression3d.com\/index.php\/wp-json\/wp\/v2\/pages\/523\/revisions"}],"predecessor-version":[{"id":939,"href":"https:\/\/asimpression3d.com\/index.php\/wp-json\/wp\/v2\/pages\/523\/revisions\/939"}],"wp:attachment":[{"href":"https:\/\/asimpression3d.com\/index.php\/wp-json\/wp\/v2\/media?parent=523"}],"curies":[{"name":"wp","href":"https:\/\/api.w.org\/{rel}","templated":true}]}}