{"id":267,"date":"2020-12-01T16:36:06","date_gmt":"2020-12-01T15:36:06","guid":{"rendered":"http:\/\/asimpression3d.com\/?page_id=267"},"modified":"2023-01-25T08:47:18","modified_gmt":"2023-01-25T07:47:18","slug":"c-g-v","status":"publish","type":"page","link":"https:\/\/asimpression3d.com\/index.php\/c-g-v\/","title":{"rendered":"C.G.V"},"content":{"rendered":"\t\t<div data-elementor-type=\"wp-page\" data-elementor-id=\"267\" class=\"elementor elementor-267\">\n\t\t\t\t\t\t<div class=\"elementor-inner\">\n\t\t\t\t<div class=\"elementor-section-wrap\">\n\t\t\t\t\t\t\t\t\t<section class=\"elementor-section elementor-top-section elementor-element elementor-element-53fff666 elementor-section-boxed elementor-section-height-default elementor-section-height-default\" data-id=\"53fff666\" data-element_type=\"section\">\n\t\t\t\t\t\t<div class=\"elementor-container elementor-column-gap-default\">\n\t\t\t\t\t\t\t<div class=\"elementor-row\">\n\t\t\t\t\t<div class=\"elementor-column elementor-col-100 elementor-top-column elementor-element elementor-element-136e5297\" data-id=\"136e5297\" data-element_type=\"column\">\n\t\t\t<div class=\"elementor-column-wrap elementor-element-populated\">\n\t\t\t\t\t\t\t<div class=\"elementor-widget-wrap\">\n\t\t\t\t\t\t<div class=\"elementor-element elementor-element-76ac8810 elementor-widget elementor-widget-text-editor\" data-id=\"76ac8810\" data-element_type=\"widget\" data-widget_type=\"text-editor.default\">\n\t\t\t\t<div class=\"elementor-widget-container\">\n\t\t\t\t\t\t\t\t<div class=\"elementor-text-editor elementor-clearfix\">\n\t\t\t\t<p><!-- wp:paragraph --><\/p>\n<p><b>G\u00e9n\u00e9ralit\u00e9s :<\/b><\/p>\n<p><!-- \/wp:paragraph --><\/p>\n<p><!-- wp:paragraph --><\/p>\n<p>Les conditions g\u00e9n\u00e9rales de vente pr\u00e9sentent les droits et obligations de l&rsquo;entreprise AS-3D, exploitant le site internet \u00abwww.asimpression3d.com\u00bb, sp\u00e9cialis\u00e9 dans les services de conception, prototypage et impression 3D.<\/p>\n<p><!-- \/wp:paragraph --><\/p>\n<p><!-- wp:paragraph --><\/p>\n<p>Date de derni\u00e8re mise \u00e0 jour\u00a0: 25\/01\/2023<\/p>\n<p><!-- \/wp:paragraph --><\/p>\n<p><!-- wp:paragraph --><\/p>\n<p><em><strong>Article 1 : Objet<\/strong><\/em><\/p>\n<p><!-- \/wp:paragraph --><\/p>\n<p><!-- wp:paragraph --><\/p>\n<p>Les pr\u00e9sentes conditions g\u00e9n\u00e9rales de vente s&rsquo;appliquent de fa\u00e7on exclusive \u00e0 tous les services propos\u00e9s\u00a0<\/p>\n<p>par AS-3D, \u00e0 savoir :<\/p>\n<p><!-- \/wp:paragraph --><\/p>\n<p><!-- wp:list --><\/p>\n<ul>\n<li>conception 3d<\/li>\n<li>Prototypage<\/li>\n<li>Mod\u00e9lisation<\/li>\n<li>impression 3d<\/li>\n<\/ul>\n<p><!-- \/wp:list --><\/p>\n<p><!-- wp:paragraph --><\/p>\n<p>Toute personne peut consulter les conditions g\u00e9n\u00e9rales de vente de AS-3D.<object width=\"300\" height=\"0\"><p><\/p>\n<p><!-- \/wp:paragraph --><\/p>\n<p><!-- wp:paragraph --><\/p>\n<p>Toute prestation accomplie par AS-3D pour le compte d\u2019un Client implique donc que le Client ait pris connaissance des pr\u00e9sentes conditions g\u00e9n\u00e9rales de vente et qu\u2019il y adh\u00e8re sans r\u00e9serve. Le Client renonce ainsi \u00e0 toute application de ses \u00e9ventuelles conditions g\u00e9n\u00e9rales d\u2019achat.<\/p>\n<p><!-- \/wp:paragraph --><\/p>\n<p><!-- wp:paragraph --><\/p>\n<p><em><strong>Article 2 : Prix<\/strong><\/em><\/p>\n<p><!-- \/wp:paragraph --><\/p>\n<p><!-- wp:paragraph --><\/p>\n<p>Toute prestation command\u00e9e par un Client \u00e0 AS-3D est due par ce m\u00eame Client, y compris en cas d\u2019annulation par le Client avant l\u2019ex\u00e9cution des travaux.<\/p>\n<p><!-- \/wp:paragraph --><\/p>\n<p><!-- wp:paragraph --><\/p>\n<p>Les prix des prestations ex\u00e9cut\u00e9es sont mentionn\u00e9s sur le devis accept\u00e9 et sign\u00e9 par le Client durant la dur\u00e9e de validit\u00e9 du devis (validit\u00e9 de 30 jours \u00e0 compter de sa date d\u2019\u00e9mission).<\/p>\n<p><!-- \/wp:paragraph --><\/p>\n<p><!-- wp:paragraph --><\/p>\n<p>La signature du devis, accompagn\u00e9e de la mention \u00ab Bon pour accord \u00bb, vaut acceptation des pr\u00e9sentes conditions g\u00e9n\u00e9rales de vente sans r\u00e9serve et confirme la commande de la prestation.<\/p>\n<p><!-- \/wp:paragraph --><\/p>\n<p><!-- wp:paragraph --><\/p>\n<p>Si aucun devis n\u2019a \u00e9t\u00e9 \u00e9tabli, ou si le devis \u00e9tabli \u00e9tait un estimatif (mention port\u00e9e sur le devis), les prix des prestations ex\u00e9cut\u00e9es sont convenus avec le Client et mentionn\u00e9s sur la facture correspondant \u00e0 la prestation effectu\u00e9e.<\/p>\n<p><!-- \/wp:paragraph --><\/p>\n<p><!-- wp:paragraph --><\/p>\n<p>Les prix sont indiqu\u00e9s\u00a0en euros et calcul\u00e9s hors taxes. Ils ne sont pas major\u00e9s du taux de TVA.<\/p>\n<p><!-- \/wp:paragraph --><\/p>\n<p><!-- wp:paragraph --><\/p>\n<p><em><strong>Article 3 : Modalit\u00e9s de paiement<\/strong><\/em><\/p>\n<p><!-- \/wp:paragraph --><\/p>\n<p><!-- wp:paragraph --><\/p>\n<p>Sauf conditions particuli\u00e8re, les tarifs s\u2019entendent paiement comptant. Le r\u00e8glement des prestations s\u2019effectue au plus tard le dernier jour de l\u2019\u00e9ch\u00e9ance de paiement mentionn\u00e9e sur la facture (ou, \u00e0 d\u00e9faut de mention, au trenti\u00e8me jour suivant la date d&rsquo;ex\u00e9cution de la prestation demand\u00e9e \u2013 article L.144-6 du code de commerce).<\/p>\n<p><!-- \/wp:paragraph --><\/p>\n<p><!-- wp:paragraph --><\/p>\n<p>Les prestations effectu\u00e9es seront livr\u00e9es apr\u00e8s r\u00e9ception du r\u00e8glement. Pour les r\u00e8glements par CB, ch\u00e8que, virement bancaire, la livraison des prestations aura lieu \u00e0 l\u2019encaissement du r\u00e8glement sur le compte bancaire de AS-3D.<\/p>\n<p><!-- \/wp:paragraph --><\/p>\n<p><!-- wp:paragraph --><\/p>\n<p>Le r\u00e8glement s\u2019effectue :<\/p>\n<p><!-- \/wp:paragraph --><\/p>\n<p><!-- wp:list --><\/p>\n<ul>\n<li>soit par ch\u00e8que, libell\u00e9 \u00e0 l\u2019ordre de AS-3D<\/li>\n<li>soit par virement bancaire<\/li>\n<\/ul>\n<p><!-- \/wp:list --><\/p>\n<p><!-- wp:paragraph --><\/p>\n<p>AS-3D se r\u00e9serve le droit de r\u00e9clamer au Client un acompte sur le total hors taxes de la facture (hors remises et frais de port HT) avant l\u2019ex\u00e9cution de la prestation ; une facture d\u2019acompte sera alors remise au Client. La prestation ne pourra pas \u00eatre ex\u00e9cut\u00e9e si le Client n\u2019a pas auparavant vers\u00e9 \u00e0 AS-3D l\u2019acompte qui lui aura \u00e9t\u00e9 demand\u00e9.<\/p>\n<p><!-- \/wp:paragraph --><\/p>\n<p><!-- wp:paragraph --><\/p>\n<p>AS-3D se r\u00e9serve le droit de ne pas enregistrer un paiement, et de ne pas confirmer une commande pour quelque raison que ce soit, et plus particuli\u00e8rement en cas de probl\u00e8me d&rsquo;approvisionnement, ou en cas de difficult\u00e9 concernant la commande re\u00e7ue.<\/p>\n<p><!-- \/wp:paragraph --><\/p>\n<p><!-- wp:paragraph --><\/p>\n<p><em><strong>Article 4 : Escompte<\/strong><\/em><\/p>\n<p><!-- \/wp:paragraph --><\/p>\n<p><!-- wp:paragraph --><\/p>\n<p>Aucun escompte ne sera consenti en cas de paiement anticip\u00e9.<\/p>\n<p><!-- \/wp:paragraph --><\/p>\n<p><!-- wp:paragraph --><\/p>\n<p><em><strong>Article 5 : Remises<\/strong><\/em><\/p>\n<p><!-- \/wp:paragraph --><\/p>\n<p><!-- wp:paragraph --><\/p>\n<p>Des remises pourront \u00eatre octroy\u00e9es par AS-3D. La remise est mentionn\u00e9e en pourcentage du total de la facture (hors frais de port ) et est d\u00e9duite de ce m\u00eame total.<\/p>\n<p><!-- \/wp:paragraph --><\/p>\n<p><!-- wp:paragraph --><\/p>\n<p><em><strong>Article 6 : Retard de paiement<\/strong><\/em><\/p>\n<p><!-- \/wp:paragraph --><\/p>\n<p><!-- wp:paragraph --><\/p>\n<p>Tout retard de paiement engendre des p\u00e9nalit\u00e9s exigibles le jour suivant, calcul\u00e9es sur la base de 3 fois le taux d&rsquo;int\u00e9r\u00eat l\u00e9gal (D\u00e9cret 2009-138 du 9 f\u00e9vrier 2009). Pour les professionnels, une indemnit\u00e9 minimum forfaitaire de 40 euros pour frais de recouvrement sera exigible (D\u00e9cret 2012-1115 du 9 octobre 2012).<\/p>\n<p><!-- \/wp:paragraph --><\/p>\n<p><!-- wp:paragraph --><\/p>\n<p><em><strong>Article 7 : Dommages et int\u00e9r\u00eats<\/strong><\/em><\/p>\n<p><!-- \/wp:paragraph --><\/p>\n<p><!-- wp:paragraph --><\/p>\n<p>Si, dans les quinze jours qui suivent la mise en \u0153uvre de la clause n\u00b0 6 \u00ab retard de paiement \u00bb, le Client ne s\u2019est pas acquitt\u00e9 des sommes restant dues, ceci pourra ouvrir droit \u00e0 l\u2019allocation de dommages et int\u00e9r\u00eats au profit de AS-3D.<\/p>\n<p><!-- \/wp:paragraph --><\/p>\n<p><!-- wp:paragraph --><\/p>\n<p><em><strong>Article 8 : Livraison<\/strong><\/em><\/p>\n<p><!-- \/wp:paragraph --><\/p>\n<p><!-- wp:paragraph --><\/p>\n<p>La livraison est effectu\u00e9e, au choix du Client :<\/p>\n<p><!-- \/wp:paragraph --><\/p>\n<p><!-- wp:list --><\/p>\n<ul>\n<li>soit par la remise en main propre<\/li>\n<li>soit par envoi postal, de pr\u00e9f\u00e9rence via un service de livraison ou Lettre Suivie. Les frais de port induits seront factur\u00e9s au Client et mentionn\u00e9s sur la facture en euros ;<\/li>\n<li>soit sous forme num\u00e9rique par e-mail. La facture sera jointe \u00e0 l\u2019e-mail.<\/li>\n<\/ul>\n<p><!-- \/wp:list --><\/p>\n<p><!-- wp:paragraph --><\/p>\n<p>Les d\u00e9lais de livraison indiqu\u00e9s pour l\u2019envoi postal lors de la prise de la commande avec le Client ne sont donn\u00e9s qu\u2019\u00e0 titre indicatif et ne sont aucunement garantis dans la mesure o\u00f9 ils ne d\u00e9pendent pas de AS 3D, mais du transporteur. Par voie de cons\u00e9quence, tout retard dans la livraison des travaux ne pourra pas donner lieu au profit du Client \u00e0 l\u2019annulation de la commande ou au b\u00e9n\u00e9fice de dommages et int\u00e9r\u00eats.<\/p>\n<p><!-- \/wp:paragraph --><\/p>\n<p><!-- wp:paragraph --><\/p>\n<p>Le choix du transport par voie postale et les risques induits sont support\u00e9s en totalit\u00e9 par le Client, y compris en cas de colis manquant ou d\u00e9t\u00e9rior\u00e9 lors de l\u2019acheminement postal.<\/p>\n<p><!-- \/wp:paragraph --><\/p>\n<p><!-- wp:paragraph --><\/p>\n<p><em><strong>Article 9 : R\u00e9tractation, \u00e9change ou remboursement<\/strong><\/em><\/p>\n<p><!-- \/wp:paragraph --><\/p>\n<p><!-- wp:paragraph --><\/p>\n<p>Dans le cadre de la vente de biens confectionn\u00e9s \u00e0 la demande et personnalis\u00e9s, aucun d\u00e9lai de r\u00e9tractation n\u2019est applicable apr\u00e8s commande. Il en est de m\u00eame concernant leurs \u00e9changes ou remboursements.<\/p>\n<p><!-- \/wp:paragraph --><\/p>\n<p><!-- wp:paragraph --><\/p>\n<p><em><strong>Article 10 : Force majeure<\/strong><\/em><\/p>\n<p><!-- \/wp:paragraph --><\/p>\n<p><!-- wp:paragraph --><\/p>\n<p>La responsabilit\u00e9 de AS-3D ne pourra pas \u00eatre mise en \u0153uvre si la non-ex\u00e9cution, ou le retard dans l\u2019ex\u00e9cution, de la prestation command\u00e9e ou de l\u2019une des obligations d\u00e9crites dans les pr\u00e9sentes conditions g\u00e9n\u00e9rales de vente d\u00e9coule d\u2019un cas de force majeure. \u00c0 ce titre, la force majeure s\u2019entend de tout \u00e9v\u00e9nement ext\u00e9rieur, impr\u00e9visible et irr\u00e9sistible au sens de l\u2019article 1148 du code civil.<\/p>\n<p><!-- \/wp:paragraph --><\/p>\n<p><!-- wp:paragraph --><\/p>\n<p>Ainsi, AS-3D n\u2019est pas responsable, notamment en cas d\u2019accident, d\u2019incendie, d\u2019inondation, d\u2019interruption de la fourniture d\u2019\u00e9nergie, de mati\u00e8res premi\u00e8res ou de mat\u00e9riels, ainsi qu\u2019en cas de gr\u00e8ves totales ou partielles de toute nature entravant la bonne marche des activit\u00e9s de AS-3D, telles que les gr\u00e8ves des transports, des services postaux, des fournisseurs en \u00e9nergie, des t\u00e9l\u00e9communications, etc.<\/p>\n<p><!-- \/wp:paragraph --><\/p>\n<p><!-- wp:paragraph --><\/p>\n<p>La survenance d\u2019un cas de force majeure a pour effet de suspendre l\u2019ex\u00e9cution par AS-3D des obligations contractuelles du devis, de la commande ou des pr\u00e9sentes conditions g\u00e9n\u00e9rales de vente.<\/p>\n<p><!-- \/wp:paragraph --><\/p>\n<p><!-- wp:paragraph --><\/p>\n<p><em><strong>Article 11 : Clause de comp\u00e9tence mat\u00e9rielle<\/strong><\/em><\/p>\n<p><!-- \/wp:paragraph --><\/p>\n<p><!-- wp:paragraph --><\/p>\n<p>Tout litige relatif \u00e0 l\u2019interpr\u00e9tation et \u00e0 l\u2019ex\u00e9cution des pr\u00e9sentes conditions g\u00e9n\u00e9rales de vente est soumis au droit fran\u00e7ais.<\/p>\n<p><!-- \/wp:paragraph --><\/p>\n<p><!-- wp:paragraph --><\/p>\n<p>En cas de litige, les tribunaux fran\u00e7ais seront les seuls comp\u00e9tents.<\/p>\n<p><!-- \/wp:paragraph --><\/p>\n<p><!-- wp:paragraph --><\/p>\n<p><em><strong>Article 12\u00a0: Propri\u00e9t\u00e9 intellectuelle<\/strong><\/em><\/p>\n<p><!-- \/wp:paragraph --><\/p>\n<p><!-- wp:paragraph --><\/p>\n<p>Tous les \u00e9l\u00e9ments du site www.asimpression3d.com sont et restent la propri\u00e9t\u00e9 intellectuelle et exclusive de AS-3D. Nul n&rsquo;est autoris\u00e9 \u00e0 reproduire, exploiter, rediffuser, ou utiliser \u00e0 quelque titre que ce soit, m\u00eame partiellement, des \u00e9l\u00e9ments du site qu&rsquo;ils soient logiciels, visuels ou sonores. Tout lien simple ou par hypertexte est strictement interdit sans un accord \u00e9crit expr\u00e8s de AS-3D.<\/p>\n<p><!-- \/wp:paragraph --><\/p>\n<p><!-- wp:paragraph --><\/p>\n<p><em><strong>Article 13\u00a0: Donn\u00e9es personnelles<\/strong><\/em><\/p>\n<p><!-- \/wp:paragraph --><\/p>\n<p><!-- wp:paragraph --><\/p>\n<p>AS-3D se r\u00e9serve le droit de collecter les informations nominatives et les donn\u00e9es personnelles vous concernant. Elles sont n\u00e9cessaires \u00e0 la gestion de votre commande, ainsi qu&rsquo;\u00e0 l&rsquo;am\u00e9lioration des services et des informations que nous vous adressons.<\/p>\n<p><!-- \/wp:paragraph --><\/p>\n<p><!-- wp:paragraph --><\/p>\n<p>Elles peuvent aussi \u00eatre transmises aux soci\u00e9t\u00e9s qui contribuent \u00e0 ces relations, telles que celles charg\u00e9es de l&rsquo;ex\u00e9cution des services et commandes pour leur gestion, ex\u00e9cution, traitement et paiement.<\/p>\n<p><!-- \/wp:paragraph --><\/p>\n<p><!-- wp:paragraph --><\/p>\n<p>Ces informations et donn\u00e9es sont \u00e9galement conserv\u00e9es \u00e0 des fins de s\u00e9curit\u00e9, afin de respecter les obligations l\u00e9gales et r\u00e9glementaires.<\/p>\n<p><!-- \/wp:paragraph --><\/p>\n<p><!-- wp:paragraph --><\/p>\n<p>Conform\u00e9ment \u00e0 la loi du 6 janvier 1978, vous disposez d&rsquo;un droit d&rsquo;acc\u00e8s, de rectification et d&rsquo;opposition aux informations nominatives et aux donn\u00e9es personnelles vous concernant, directement sur le site Internet.<\/p>\n<p>Notre politique de protection des donn\u00e9es personnelles vise \u00e0 r\u00e9pondre aux exigences de la nouvelle r\u00e9glementation relative \u00e0 la protection des donn\u00e9es personnelles (R\u00e8glement n\u00b02016\/679, dit \u00ab\u00a0RGPD\u00a0\u00bb) entr\u00e9e en vigueur le 25 Mai 2018. La pr\u00e9sente politique est susceptible d&rsquo;\u00e9voluer en fonction du contexte l\u00e9gal et r\u00e8glementaire, ainsi que des prises de position de l&rsquo;autorit\u00e9 de contr\u00f4le en mati\u00e8re de protection des donn\u00e9es (la Commission Informatique et Libert\u00e9).\u00a0\u00a0<\/p>\n<p><!-- \/wp:paragraph --><\/p>\n<p><!-- wp:paragraph --><\/p>\n<p><em><strong>Article 14\u00a0: Archivage Preuve<\/strong><\/em><\/p>\n<p><!-- \/wp:paragraph --><\/p>\n<p><!-- wp:paragraph --><\/p>\n<p>AS-3D archivera les bons de commandes et les factures sur un support fiable et durable constituant une copie fid\u00e8le conform\u00e9ment aux dispositions de l&rsquo;article 1348 du Code civil.<\/p>\n<p><!-- \/wp:paragraph --><\/p>\n<p><!-- wp:paragraph --><\/p>\n<p>Les registres informatis\u00e9s de AS-3D seront consid\u00e9r\u00e9s par toutes les parties concern\u00e9es comme preuve des communications, commandes, paiements et transactions intervenus entre les parties.<\/p>\n<p><!-- \/wp:paragraph --><\/p>\n<p><\/p>\n<p><\/p><\/object><\/p>\t\t\t\t\t<\/div>\n\t\t\t\t\t\t<\/div>\n\t\t\t\t<\/div>\n\t\t\t\t\t\t<\/div>\n\t\t\t\t\t<\/div>\n\t\t<\/div>\n\t\t\t\t\t\t\t\t<\/div>\n\t\t\t\t\t<\/div>\n\t\t<\/section>\n\t\t\t\t\t\t\t\t\t<\/div>\n\t\t\t<\/div>\n\t\t\t\t\t<\/div>\n\t\t","protected":false},"excerpt":{"rendered":"<p>G\u00e9n\u00e9ralit\u00e9s : Les conditions g\u00e9n\u00e9rales de vente pr\u00e9sentent les droits et obligations de l&rsquo;entreprise AS-3D, exploitant le site internet \u00abwww.asimpression3d.com\u00bb, sp\u00e9cialis\u00e9 dans les services de conception, prototypage et impression 3D. Date de derni\u00e8re mise \u00e0 jour\u00a0: 25\/01\/2023 Article 1 : Objet Les pr\u00e9sentes conditions g\u00e9n\u00e9rales de vente s&rsquo;appliquent de fa\u00e7on exclusive \u00e0 tous les services [&hellip;]<\/p>\n","protected":false},"author":1,"featured_media":0,"parent":0,"menu_order":0,"comment_status":"closed","ping_status":"closed","template":"","meta":{"footnotes":""},"class_list":["post-267","page","type-page","status-publish","hentry","entry"],"yoast_head":"<!-- This site is optimized with the Yoast SEO plugin v24.3 - https:\/\/yoast.com\/wordpress\/plugins\/seo\/ -->\n<title>C.G.V - Impression 3D Vienne 86<\/title>\n<meta name=\"robots\" content=\"index, follow, max-snippet:-1, max-image-preview:large, max-video-preview:-1\" \/>\n<link rel=\"canonical\" href=\"https:\/\/asimpression3d.com\/index.php\/c-g-v\/\" \/>\n<meta property=\"og:locale\" content=\"fr_FR\" \/>\n<meta property=\"og:type\" content=\"article\" \/>\n<meta property=\"og:title\" content=\"C.G.V - Impression 3D Vienne 86\" \/>\n<meta property=\"og:description\" content=\"G\u00e9n\u00e9ralit\u00e9s : Les conditions g\u00e9n\u00e9rales de vente pr\u00e9sentent les droits et obligations de l&rsquo;entreprise AS-3D, exploitant le site internet \u00abwww.asimpression3d.com\u00bb, sp\u00e9cialis\u00e9 dans les services de conception, prototypage et impression 3D. Date de derni\u00e8re mise \u00e0 jour\u00a0: 25\/01\/2023 Article 1 : Objet Les pr\u00e9sentes conditions g\u00e9n\u00e9rales de vente s&rsquo;appliquent de fa\u00e7on exclusive \u00e0 tous les services [&hellip;]\" \/>\n<meta property=\"og:url\" content=\"https:\/\/asimpression3d.com\/index.php\/c-g-v\/\" \/>\n<meta property=\"og:site_name\" content=\"Impression 3D Vienne 86\" \/>\n<meta property=\"article:publisher\" content=\"https:\/\/www.facebook.com\/AS-3D-106638415134071\/\" \/>\n<meta property=\"article:modified_time\" content=\"2023-01-25T07:47:18+00:00\" \/>\n<meta property=\"og:image\" content=\"https:\/\/i0.wp.com\/asimpression3d.com\/wp-content\/uploads\/2021\/11\/cropped-1.png?fit=500%2C419&ssl=1\" \/>\n\t<meta property=\"og:image:width\" content=\"500\" \/>\n\t<meta property=\"og:image:height\" content=\"419\" \/>\n\t<meta property=\"og:image:type\" content=\"image\/png\" \/>\n<meta name=\"twitter:card\" content=\"summary_large_image\" \/>\n<meta name=\"twitter:label1\" content=\"Dur\u00e9e de lecture estim\u00e9e\" \/>\n\t<meta name=\"twitter:data1\" content=\"7 minutes\" \/>\n<script type=\"application\/ld+json\" class=\"yoast-schema-graph\">{\"@context\":\"https:\/\/schema.org\",\"@graph\":[{\"@type\":\"WebPage\",\"@id\":\"https:\/\/asimpression3d.com\/index.php\/c-g-v\/\",\"url\":\"https:\/\/asimpression3d.com\/index.php\/c-g-v\/\",\"name\":\"C.G.V - Impression 3D Vienne 86\",\"isPartOf\":{\"@id\":\"https:\/\/asimpression3d.com\/#website\"},\"datePublished\":\"2020-12-01T15:36:06+00:00\",\"dateModified\":\"2023-01-25T07:47:18+00:00\",\"breadcrumb\":{\"@id\":\"https:\/\/asimpression3d.com\/index.php\/c-g-v\/#breadcrumb\"},\"inLanguage\":\"fr-FR\",\"potentialAction\":[{\"@type\":\"ReadAction\",\"target\":[\"https:\/\/asimpression3d.com\/index.php\/c-g-v\/\"]}]},{\"@type\":\"BreadcrumbList\",\"@id\":\"https:\/\/asimpression3d.com\/index.php\/c-g-v\/#breadcrumb\",\"itemListElement\":[{\"@type\":\"ListItem\",\"position\":1,\"name\":\"Accueil\",\"item\":\"https:\/\/asimpression3d.com\/\"},{\"@type\":\"ListItem\",\"position\":2,\"name\":\"C.G.V\"}]},{\"@type\":\"WebSite\",\"@id\":\"https:\/\/asimpression3d.com\/#website\",\"url\":\"https:\/\/asimpression3d.com\/\",\"name\":\"Impression 3D Vienne 86\",\"description\":\"Impression 3D conception et production \u00e0 votre service\",\"publisher\":{\"@id\":\"https:\/\/asimpression3d.com\/#organization\"},\"potentialAction\":[{\"@type\":\"SearchAction\",\"target\":{\"@type\":\"EntryPoint\",\"urlTemplate\":\"https:\/\/asimpression3d.com\/?s={search_term_string}\"},\"query-input\":{\"@type\":\"PropertyValueSpecification\",\"valueRequired\":true,\"valueName\":\"search_term_string\"}}],\"inLanguage\":\"fr-FR\"},{\"@type\":\"Organization\",\"@id\":\"https:\/\/asimpression3d.com\/#organization\",\"name\":\"AS-3D\",\"url\":\"https:\/\/asimpression3d.com\/\",\"logo\":{\"@type\":\"ImageObject\",\"inLanguage\":\"fr-FR\",\"@id\":\"https:\/\/asimpression3d.com\/#\/schema\/logo\/image\/\",\"url\":\"https:\/\/i2.wp.com\/asimpression3d.com\/wp-content\/uploads\/2021\/02\/logo-original.png?fit=1875%2C1079&ssl=1\",\"contentUrl\":\"https:\/\/i2.wp.com\/asimpression3d.com\/wp-content\/uploads\/2021\/02\/logo-original.png?fit=1875%2C1079&ssl=1\",\"width\":1875,\"height\":1079,\"caption\":\"AS-3D\"},\"image\":{\"@id\":\"https:\/\/asimpression3d.com\/#\/schema\/logo\/image\/\"},\"sameAs\":[\"https:\/\/www.facebook.com\/AS-3D-106638415134071\/\"]}]}<\/script>\n<!-- \/ Yoast SEO plugin. -->","yoast_head_json":{"title":"C.G.V - Impression 3D Vienne 86","robots":{"index":"index","follow":"follow","max-snippet":"max-snippet:-1","max-image-preview":"max-image-preview:large","max-video-preview":"max-video-preview:-1"},"canonical":"https:\/\/asimpression3d.com\/index.php\/c-g-v\/","og_locale":"fr_FR","og_type":"article","og_title":"C.G.V - Impression 3D Vienne 86","og_description":"G\u00e9n\u00e9ralit\u00e9s : Les conditions g\u00e9n\u00e9rales de vente pr\u00e9sentent les droits et obligations de l&rsquo;entreprise AS-3D, exploitant le site internet \u00abwww.asimpression3d.com\u00bb, sp\u00e9cialis\u00e9 dans les services de conception, prototypage et impression 3D. Date de derni\u00e8re mise \u00e0 jour\u00a0: 25\/01\/2023 Article 1 : Objet Les pr\u00e9sentes conditions g\u00e9n\u00e9rales de vente s&rsquo;appliquent de fa\u00e7on exclusive \u00e0 tous les services [&hellip;]","og_url":"https:\/\/asimpression3d.com\/index.php\/c-g-v\/","og_site_name":"Impression 3D Vienne 86","article_publisher":"https:\/\/www.facebook.com\/AS-3D-106638415134071\/","article_modified_time":"2023-01-25T07:47:18+00:00","og_image":[{"width":500,"height":419,"url":"https:\/\/i0.wp.com\/asimpression3d.com\/wp-content\/uploads\/2021\/11\/cropped-1.png?fit=500%2C419&ssl=1","type":"image\/png"}],"twitter_card":"summary_large_image","twitter_misc":{"Dur\u00e9e de lecture estim\u00e9e":"7 minutes"},"schema":{"@context":"https:\/\/schema.org","@graph":[{"@type":"WebPage","@id":"https:\/\/asimpression3d.com\/index.php\/c-g-v\/","url":"https:\/\/asimpression3d.com\/index.php\/c-g-v\/","name":"C.G.V - Impression 3D Vienne 86","isPartOf":{"@id":"https:\/\/asimpression3d.com\/#website"},"datePublished":"2020-12-01T15:36:06+00:00","dateModified":"2023-01-25T07:47:18+00:00","breadcrumb":{"@id":"https:\/\/asimpression3d.com\/index.php\/c-g-v\/#breadcrumb"},"inLanguage":"fr-FR","potentialAction":[{"@type":"ReadAction","target":["https:\/\/asimpression3d.com\/index.php\/c-g-v\/"]}]},{"@type":"BreadcrumbList","@id":"https:\/\/asimpression3d.com\/index.php\/c-g-v\/#breadcrumb","itemListElement":[{"@type":"ListItem","position":1,"name":"Accueil","item":"https:\/\/asimpression3d.com\/"},{"@type":"ListItem","position":2,"name":"C.G.V"}]},{"@type":"WebSite","@id":"https:\/\/asimpression3d.com\/#website","url":"https:\/\/asimpression3d.com\/","name":"Impression 3D Vienne 86","description":"Impression 3D conception et production \u00e0 votre service","publisher":{"@id":"https:\/\/asimpression3d.com\/#organization"},"potentialAction":[{"@type":"SearchAction","target":{"@type":"EntryPoint","urlTemplate":"https:\/\/asimpression3d.com\/?s={search_term_string}"},"query-input":{"@type":"PropertyValueSpecification","valueRequired":true,"valueName":"search_term_string"}}],"inLanguage":"fr-FR"},{"@type":"Organization","@id":"https:\/\/asimpression3d.com\/#organization","name":"AS-3D","url":"https:\/\/asimpression3d.com\/","logo":{"@type":"ImageObject","inLanguage":"fr-FR","@id":"https:\/\/asimpression3d.com\/#\/schema\/logo\/image\/","url":"https:\/\/i2.wp.com\/asimpression3d.com\/wp-content\/uploads\/2021\/02\/logo-original.png?fit=1875%2C1079&ssl=1","contentUrl":"https:\/\/i2.wp.com\/asimpression3d.com\/wp-content\/uploads\/2021\/02\/logo-original.png?fit=1875%2C1079&ssl=1","width":1875,"height":1079,"caption":"AS-3D"},"image":{"@id":"https:\/\/asimpression3d.com\/#\/schema\/logo\/image\/"},"sameAs":["https:\/\/www.facebook.com\/AS-3D-106638415134071\/"]}]}},"jetpack_sharing_enabled":true,"amp_enabled":true,"_links":{"self":[{"href":"https:\/\/asimpression3d.com\/index.php\/wp-json\/wp\/v2\/pages\/267","targetHints":{"allow":["GET"]}}],"collection":[{"href":"https:\/\/asimpression3d.com\/index.php\/wp-json\/wp\/v2\/pages"}],"about":[{"href":"https:\/\/asimpression3d.com\/index.php\/wp-json\/wp\/v2\/types\/page"}],"author":[{"embeddable":true,"href":"https:\/\/asimpression3d.com\/index.php\/wp-json\/wp\/v2\/users\/1"}],"replies":[{"embeddable":true,"href":"https:\/\/asimpression3d.com\/index.php\/wp-json\/wp\/v2\/comments?post=267"}],"version-history":[{"count":37,"href":"https:\/\/asimpression3d.com\/index.php\/wp-json\/wp\/v2\/pages\/267\/revisions"}],"predecessor-version":[{"id":1012,"href":"https:\/\/asimpression3d.com\/index.php\/wp-json\/wp\/v2\/pages\/267\/revisions\/1012"}],"wp:attachment":[{"href":"https:\/\/asimpression3d.com\/index.php\/wp-json\/wp\/v2\/media?parent=267"}],"curies":[{"name":"wp","href":"https:\/\/api.w.org\/{rel}","templated":true}]}}