{"id":13,"date":"2020-11-25T11:13:14","date_gmt":"2020-11-25T10:13:14","guid":{"rendered":"http:\/\/asimpression3d.com\/?page_id=13"},"modified":"2022-01-05T09:48:28","modified_gmt":"2022-01-05T08:48:28","slug":"capacite-machine-et-materiaux","status":"publish","type":"page","link":"https:\/\/asimpression3d.com\/index.php\/capacite-machine-et-materiaux\/","title":{"rendered":"Capacit\u00e9 machine et mat\u00e9riaux"},"content":{"rendered":"\t\t<div data-elementor-type=\"wp-page\" data-elementor-id=\"13\" class=\"elementor elementor-13\">\n\t\t\t\t\t\t<div class=\"elementor-inner\">\n\t\t\t\t<div class=\"elementor-section-wrap\">\n\t\t\t\t\t\t\t\t\t<section class=\"elementor-section elementor-top-section elementor-element elementor-element-d125c59 elementor-section-boxed elementor-section-height-default elementor-section-height-default\" data-id=\"d125c59\" data-element_type=\"section\">\n\t\t\t\t\t\t<div class=\"elementor-container elementor-column-gap-default\">\n\t\t\t\t\t\t\t<div class=\"elementor-row\">\n\t\t\t\t\t<div class=\"elementor-column elementor-col-100 elementor-top-column elementor-element elementor-element-adb7e9c\" data-id=\"adb7e9c\" data-element_type=\"column\">\n\t\t\t<div class=\"elementor-column-wrap elementor-element-populated\">\n\t\t\t\t\t\t\t<div class=\"elementor-widget-wrap\">\n\t\t\t\t\t\t<div class=\"elementor-element elementor-element-6ebbd63e elementor-widget elementor-widget-text-editor\" data-id=\"6ebbd63e\" data-element_type=\"widget\" data-widget_type=\"text-editor.default\">\n\t\t\t\t<div class=\"elementor-widget-container\">\n\t\t\t\t\t\t\t\t<div class=\"elementor-text-editor elementor-clearfix\">\n\t\t\t\t<p><!-- wp:paragraph --><\/p>\n<p>Technologie FDM (D\u00e9p\u00f4t de Mati\u00e8re par Fusion)<\/p>\n<p><!-- \/wp:paragraph --><!-- wp:paragraph --><\/p>\n<p>Volume d&rsquo;impression en mm <strong>Longueur x largeur x Hauteur<\/strong> :<\/p>\n<p><!-- \/wp:paragraph --><!-- wp:paragraph --><\/p>\n<p><strong>310 x 310 x 400 mm (Volume d\u00e9di\u00e9 au prototypage)<\/strong><\/p>\n<p><!-- \/wp:paragraph --><!-- wp:paragraph --><\/p>\n<p><strong>230 x 230 x 250 mm<\/strong><\/p>\n<p><strong>Pr\u00e9cision jusqu&rsquo;\u00e0 50 micron<\/strong><\/p>\n<p><b>Tol\u00e9rance <\/b>\u00b1 0.1 mm<\/p>\n<p><b><\/b><strong>&nbsp;<\/strong><\/p>\n<p><!-- \/wp:paragraph --><!-- wp:image {\"id\":14,\"width\":576,\"height\":275,\"sizeSlug\":\"large\"} --><\/p>\n<figure><img loading=\"lazy\" decoding=\"async\" data-recalc-dims=\"1\" src=\"https:\/\/i0.wp.com\/asimpression3d.com\/wp-content\/uploads\/2020\/11\/bobine.jpg?resize=576%2C275\" alt=\"\" width=\"576\" height=\"275\"><\/figure>\n<p><!-- \/wp:image --><\/p>\t\t\t\t\t<\/div>\n\t\t\t\t\t\t<\/div>\n\t\t\t\t<\/div>\n\t\t\t\t<div class=\"elementor-element elementor-element-4bd4b6b elementor-widget elementor-widget-text-editor\" data-id=\"4bd4b6b\" data-element_type=\"widget\" data-widget_type=\"text-editor.default\">\n\t\t\t\t<div class=\"elementor-widget-container\">\n\t\t\t\t\t\t\t\t<div class=\"elementor-text-editor elementor-clearfix\">\n\t\t\t\t<p><strong>Mat\u00e9riaux utilis\u00e9 : PLA, ABS, ASA, HIPS, PETG Alimentaire, PC, Nylon, TPU, Filament Bois, polym\u00e8re flexible\u00a0<br \/>Coloris au choix<\/strong><\/p>\n<p><strong>D\u00e9tails techniques des mat\u00e9riaux liens ci-dessous :<\/strong><\/p>\n<p><strong>\u00a0<\/strong><\/p>\t\t\t\t\t<\/div>\n\t\t\t\t\t\t<\/div>\n\t\t\t\t<\/div>\n\t\t\t\t\t\t<\/div>\n\t\t\t\t\t<\/div>\n\t\t<\/div>\n\t\t\t\t\t\t\t\t<\/div>\n\t\t\t\t\t<\/div>\n\t\t<\/section>\n\t\t\t\t<section class=\"elementor-section elementor-top-section elementor-element elementor-element-28755b3 elementor-section-boxed elementor-section-height-default elementor-section-height-default\" data-id=\"28755b3\" data-element_type=\"section\">\n\t\t\t\t\t\t<div class=\"elementor-container elementor-column-gap-default\">\n\t\t\t\t\t\t\t<div class=\"elementor-row\">\n\t\t\t\t\t<div class=\"elementor-column elementor-col-25 elementor-top-column elementor-element elementor-element-9803ec9\" data-id=\"9803ec9\" data-element_type=\"column\">\n\t\t\t<div class=\"elementor-column-wrap elementor-element-populated\">\n\t\t\t\t\t\t\t<div class=\"elementor-widget-wrap\">\n\t\t\t\t\t\t<div class=\"elementor-element elementor-element-83b5aba elementor-widget elementor-widget-button\" data-id=\"83b5aba\" data-element_type=\"widget\" data-widget_type=\"button.default\">\n\t\t\t\t<div class=\"elementor-widget-container\">\n\t\t\t\t\t<div class=\"elementor-button-wrapper\">\n\t\t\t<a href=\"https:\/\/asimpression3d.com\/wp-content\/uploads\/2021\/11\/PLA.pdf\" target=\"_blank\" class=\"elementor-button-link elementor-button elementor-size-md\" role=\"button\">\n\t\t\t\t\t\t<span class=\"elementor-button-content-wrapper\">\n\t\t\t\t\t\t\t<span class=\"elementor-button-icon elementor-align-icon-right\">\n\t\t\t\t<i aria-hidden=\"true\" class=\"fas fa-file-pdf\"><\/i>\t\t\t<\/span>\n\t\t\t\t\t\t<span class=\"elementor-button-text\">PLA<\/span>\n\t\t<\/span>\n\t\t\t\t\t<\/a>\n\t\t<\/div>\n\t\t\t\t<\/div>\n\t\t\t\t<\/div>\n\t\t\t\t<div class=\"elementor-element elementor-element-7e34a3f elementor-widget elementor-widget-button\" data-id=\"7e34a3f\" data-element_type=\"widget\" data-widget_type=\"button.default\">\n\t\t\t\t<div class=\"elementor-widget-container\">\n\t\t\t\t\t<div class=\"elementor-button-wrapper\">\n\t\t\t<a href=\"https:\/\/asimpression3d.com\/wp-content\/uploads\/2021\/11\/PETG.pdf\" target=\"_blank\" class=\"elementor-button-link elementor-button elementor-size-md\" role=\"button\">\n\t\t\t\t\t\t<span class=\"elementor-button-content-wrapper\">\n\t\t\t\t\t\t\t<span class=\"elementor-button-icon elementor-align-icon-right\">\n\t\t\t\t<i aria-hidden=\"true\" class=\"fas fa-file-pdf\"><\/i>\t\t\t<\/span>\n\t\t\t\t\t\t<span class=\"elementor-button-text\">PETG<\/span>\n\t\t<\/span>\n\t\t\t\t\t<\/a>\n\t\t<\/div>\n\t\t\t\t<\/div>\n\t\t\t\t<\/div>\n\t\t\t\t\t\t<\/div>\n\t\t\t\t\t<\/div>\n\t\t<\/div>\n\t\t\t\t<div class=\"elementor-column elementor-col-25 elementor-top-column elementor-element elementor-element-f450688\" data-id=\"f450688\" data-element_type=\"column\">\n\t\t\t<div class=\"elementor-column-wrap elementor-element-populated\">\n\t\t\t\t\t\t\t<div class=\"elementor-widget-wrap\">\n\t\t\t\t\t\t<div class=\"elementor-element elementor-element-884a0fc elementor-widget elementor-widget-button\" data-id=\"884a0fc\" data-element_type=\"widget\" data-widget_type=\"button.default\">\n\t\t\t\t<div class=\"elementor-widget-container\">\n\t\t\t\t\t<div class=\"elementor-button-wrapper\">\n\t\t\t<a href=\"https:\/\/asimpression3d.com\/wp-content\/uploads\/2021\/11\/NYLON.pdf\" target=\"_blank\" class=\"elementor-button-link elementor-button elementor-size-md\" role=\"button\">\n\t\t\t\t\t\t<span class=\"elementor-button-content-wrapper\">\n\t\t\t\t\t\t\t<span class=\"elementor-button-icon elementor-align-icon-right\">\n\t\t\t\t<i aria-hidden=\"true\" class=\"fas fa-file-pdf\"><\/i>\t\t\t<\/span>\n\t\t\t\t\t\t<span class=\"elementor-button-text\">NYLON<\/span>\n\t\t<\/span>\n\t\t\t\t\t<\/a>\n\t\t<\/div>\n\t\t\t\t<\/div>\n\t\t\t\t<\/div>\n\t\t\t\t<div class=\"elementor-element elementor-element-cbf0ef2 elementor-widget elementor-widget-button\" data-id=\"cbf0ef2\" data-element_type=\"widget\" data-widget_type=\"button.default\">\n\t\t\t\t<div class=\"elementor-widget-container\">\n\t\t\t\t\t<div class=\"elementor-button-wrapper\">\n\t\t\t<a href=\"https:\/\/asimpression3d.com\/wp-content\/uploads\/2021\/11\/TPU.pdf\" target=\"_blank\" class=\"elementor-button-link elementor-button elementor-size-md\" role=\"button\">\n\t\t\t\t\t\t<span class=\"elementor-button-content-wrapper\">\n\t\t\t\t\t\t\t<span class=\"elementor-button-icon elementor-align-icon-right\">\n\t\t\t\t<i aria-hidden=\"true\" class=\"fas fa-file-pdf\"><\/i>\t\t\t<\/span>\n\t\t\t\t\t\t<span class=\"elementor-button-text\">TPU<\/span>\n\t\t<\/span>\n\t\t\t\t\t<\/a>\n\t\t<\/div>\n\t\t\t\t<\/div>\n\t\t\t\t<\/div>\n\t\t\t\t\t\t<\/div>\n\t\t\t\t\t<\/div>\n\t\t<\/div>\n\t\t\t\t<div class=\"elementor-column elementor-col-25 elementor-top-column elementor-element elementor-element-88f3e1c\" data-id=\"88f3e1c\" data-element_type=\"column\">\n\t\t\t<div class=\"elementor-column-wrap elementor-element-populated\">\n\t\t\t\t\t\t\t<div class=\"elementor-widget-wrap\">\n\t\t\t\t\t\t<div class=\"elementor-element elementor-element-9b0936d elementor-widget elementor-widget-button\" data-id=\"9b0936d\" data-element_type=\"widget\" data-widget_type=\"button.default\">\n\t\t\t\t<div class=\"elementor-widget-container\">\n\t\t\t\t\t<div class=\"elementor-button-wrapper\">\n\t\t\t<a href=\"https:\/\/asimpression3d.com\/wp-content\/uploads\/2021\/11\/ABS.pdf\" target=\"_blank\" class=\"elementor-button-link elementor-button elementor-size-md\" role=\"button\">\n\t\t\t\t\t\t<span class=\"elementor-button-content-wrapper\">\n\t\t\t\t\t\t\t<span class=\"elementor-button-icon elementor-align-icon-right\">\n\t\t\t\t<i aria-hidden=\"true\" class=\"fas fa-file-pdf\"><\/i>\t\t\t<\/span>\n\t\t\t\t\t\t<span class=\"elementor-button-text\">ABS<\/span>\n\t\t<\/span>\n\t\t\t\t\t<\/a>\n\t\t<\/div>\n\t\t\t\t<\/div>\n\t\t\t\t<\/div>\n\t\t\t\t<div class=\"elementor-element elementor-element-90dd13b elementor-widget elementor-widget-button\" data-id=\"90dd13b\" data-element_type=\"widget\" data-widget_type=\"button.default\">\n\t\t\t\t<div class=\"elementor-widget-container\">\n\t\t\t\t\t<div class=\"elementor-button-wrapper\">\n\t\t\t<a href=\"https:\/\/asimpression3d.com\/wp-content\/uploads\/2021\/11\/ASA.pdf\" target=\"_blank\" class=\"elementor-button-link elementor-button elementor-size-md\" role=\"button\">\n\t\t\t\t\t\t<span class=\"elementor-button-content-wrapper\">\n\t\t\t\t\t\t\t<span class=\"elementor-button-icon elementor-align-icon-right\">\n\t\t\t\t<i aria-hidden=\"true\" class=\"fas fa-file-pdf\"><\/i>\t\t\t<\/span>\n\t\t\t\t\t\t<span class=\"elementor-button-text\">ASA<\/span>\n\t\t<\/span>\n\t\t\t\t\t<\/a>\n\t\t<\/div>\n\t\t\t\t<\/div>\n\t\t\t\t<\/div>\n\t\t\t\t\t\t<\/div>\n\t\t\t\t\t<\/div>\n\t\t<\/div>\n\t\t\t\t<div class=\"elementor-column elementor-col-25 elementor-top-column elementor-element elementor-element-def9534\" data-id=\"def9534\" data-element_type=\"column\">\n\t\t\t<div class=\"elementor-column-wrap elementor-element-populated\">\n\t\t\t\t\t\t\t<div class=\"elementor-widget-wrap\">\n\t\t\t\t\t\t<div class=\"elementor-element elementor-element-143a329 elementor-widget elementor-widget-button\" data-id=\"143a329\" data-element_type=\"widget\" data-widget_type=\"button.default\">\n\t\t\t\t<div class=\"elementor-widget-container\">\n\t\t\t\t\t<div class=\"elementor-button-wrapper\">\n\t\t\t<a href=\"https:\/\/asimpression3d.com\/wp-content\/uploads\/2021\/11\/HIPS.pdf\" target=\"_blank\" class=\"elementor-button-link elementor-button elementor-size-md\" role=\"button\">\n\t\t\t\t\t\t<span class=\"elementor-button-content-wrapper\">\n\t\t\t\t\t\t\t<span class=\"elementor-button-icon elementor-align-icon-right\">\n\t\t\t\t<i aria-hidden=\"true\" class=\"fas fa-file-pdf\"><\/i>\t\t\t<\/span>\n\t\t\t\t\t\t<span class=\"elementor-button-text\">HIPS<\/span>\n\t\t<\/span>\n\t\t\t\t\t<\/a>\n\t\t<\/div>\n\t\t\t\t<\/div>\n\t\t\t\t<\/div>\n\t\t\t\t<div class=\"elementor-element elementor-element-35523a4 elementor-widget elementor-widget-button\" data-id=\"35523a4\" data-element_type=\"widget\" data-widget_type=\"button.default\">\n\t\t\t\t<div class=\"elementor-widget-container\">\n\t\t\t\t\t<div class=\"elementor-button-wrapper\">\n\t\t\t<a href=\"https:\/\/asimpression3d.com\/wp-content\/uploads\/2021\/11\/PP.pdf\" target=\"_blank\" class=\"elementor-button-link elementor-button elementor-size-md\" role=\"button\">\n\t\t\t\t\t\t<span class=\"elementor-button-content-wrapper\">\n\t\t\t\t\t\t\t<span class=\"elementor-button-icon elementor-align-icon-right\">\n\t\t\t\t<i aria-hidden=\"true\" class=\"fas fa-file-pdf\"><\/i>\t\t\t<\/span>\n\t\t\t\t\t\t<span class=\"elementor-button-text\">PP<\/span>\n\t\t<\/span>\n\t\t\t\t\t<\/a>\n\t\t<\/div>\n\t\t\t\t<\/div>\n\t\t\t\t<\/div>\n\t\t\t\t\t\t<\/div>\n\t\t\t\t\t<\/div>\n\t\t<\/div>\n\t\t\t\t\t\t\t\t<\/div>\n\t\t\t\t\t<\/div>\n\t\t<\/section>\n\t\t\t\t\t\t\t\t\t<\/div>\n\t\t\t<\/div>\n\t\t\t\t\t<\/div>\n\t\t","protected":false},"excerpt":{"rendered":"<p>Technologie FDM (D\u00e9p\u00f4t de Mati\u00e8re par Fusion) Volume d&rsquo;impression en mm Longueur x largeur x Hauteur : 310 x 310 x 400 mm (Volume d\u00e9di\u00e9 au prototypage) 230 x 230 x 250 mm Pr\u00e9cision jusqu&rsquo;\u00e0 50 micron Tol\u00e9rance \u00b1 0.1 mm &nbsp; Mat\u00e9riaux utilis\u00e9 : PLA, ABS, ASA, HIPS, PETG Alimentaire, PC, Nylon, TPU, Filament [&hellip;]<\/p>\n","protected":false},"author":1,"featured_media":0,"parent":0,"menu_order":0,"comment_status":"closed","ping_status":"closed","template":"","meta":{"footnotes":""},"class_list":["post-13","page","type-page","status-publish","hentry","entry"],"yoast_head":"<!-- This site is optimized with the Yoast SEO plugin v24.3 - https:\/\/yoast.com\/wordpress\/plugins\/seo\/ -->\n<title>Capacit\u00e9 machine et mat\u00e9riaux - Impression 3D Vienne 86<\/title>\n<meta name=\"robots\" content=\"index, follow, max-snippet:-1, max-image-preview:large, max-video-preview:-1\" \/>\n<link rel=\"canonical\" href=\"https:\/\/asimpression3d.com\/index.php\/capacite-machine-et-materiaux\/\" \/>\n<meta property=\"og:locale\" content=\"fr_FR\" \/>\n<meta property=\"og:type\" content=\"article\" \/>\n<meta property=\"og:title\" content=\"Capacit\u00e9 machine et mat\u00e9riaux - Impression 3D Vienne 86\" \/>\n<meta property=\"og:description\" content=\"Technologie FDM (D\u00e9p\u00f4t de Mati\u00e8re par Fusion) Volume d&rsquo;impression en mm Longueur x largeur x Hauteur : 310 x 310 x 400 mm (Volume d\u00e9di\u00e9 au prototypage) 230 x 230 x 250 mm Pr\u00e9cision jusqu&rsquo;\u00e0 50 micron Tol\u00e9rance \u00b1 0.1 mm &nbsp; Mat\u00e9riaux utilis\u00e9 : PLA, ABS, ASA, HIPS, PETG Alimentaire, PC, Nylon, TPU, Filament [&hellip;]\" \/>\n<meta property=\"og:url\" content=\"https:\/\/asimpression3d.com\/index.php\/capacite-machine-et-materiaux\/\" \/>\n<meta property=\"og:site_name\" content=\"Impression 3D Vienne 86\" \/>\n<meta property=\"article:publisher\" content=\"https:\/\/www.facebook.com\/AS-3D-106638415134071\/\" \/>\n<meta property=\"article:modified_time\" content=\"2022-01-05T08:48:28+00:00\" \/>\n<meta property=\"og:image\" content=\"http:\/\/asimpression3d.com\/wp-content\/uploads\/2020\/11\/bobine.jpg\" \/>\n<meta name=\"twitter:card\" content=\"summary_large_image\" \/>\n<meta name=\"twitter:label1\" content=\"Dur\u00e9e de lecture estim\u00e9e\" \/>\n\t<meta name=\"twitter:data1\" content=\"1 minute\" \/>\n<script type=\"application\/ld+json\" class=\"yoast-schema-graph\">{\"@context\":\"https:\/\/schema.org\",\"@graph\":[{\"@type\":\"WebPage\",\"@id\":\"https:\/\/asimpression3d.com\/index.php\/capacite-machine-et-materiaux\/\",\"url\":\"https:\/\/asimpression3d.com\/index.php\/capacite-machine-et-materiaux\/\",\"name\":\"Capacit\u00e9 machine et mat\u00e9riaux - Impression 3D Vienne 86\",\"isPartOf\":{\"@id\":\"https:\/\/asimpression3d.com\/#website\"},\"primaryImageOfPage\":{\"@id\":\"https:\/\/asimpression3d.com\/index.php\/capacite-machine-et-materiaux\/#primaryimage\"},\"image\":{\"@id\":\"https:\/\/asimpression3d.com\/index.php\/capacite-machine-et-materiaux\/#primaryimage\"},\"thumbnailUrl\":\"http:\/\/asimpression3d.com\/wp-content\/uploads\/2020\/11\/bobine.jpg\",\"datePublished\":\"2020-11-25T10:13:14+00:00\",\"dateModified\":\"2022-01-05T08:48:28+00:00\",\"breadcrumb\":{\"@id\":\"https:\/\/asimpression3d.com\/index.php\/capacite-machine-et-materiaux\/#breadcrumb\"},\"inLanguage\":\"fr-FR\",\"potentialAction\":[{\"@type\":\"ReadAction\",\"target\":[\"https:\/\/asimpression3d.com\/index.php\/capacite-machine-et-materiaux\/\"]}]},{\"@type\":\"ImageObject\",\"inLanguage\":\"fr-FR\",\"@id\":\"https:\/\/asimpression3d.com\/index.php\/capacite-machine-et-materiaux\/#primaryimage\",\"url\":\"http:\/\/asimpression3d.com\/wp-content\/uploads\/2020\/11\/bobine.jpg\",\"contentUrl\":\"http:\/\/asimpression3d.com\/wp-content\/uploads\/2020\/11\/bobine.jpg\"},{\"@type\":\"BreadcrumbList\",\"@id\":\"https:\/\/asimpression3d.com\/index.php\/capacite-machine-et-materiaux\/#breadcrumb\",\"itemListElement\":[{\"@type\":\"ListItem\",\"position\":1,\"name\":\"Accueil\",\"item\":\"https:\/\/asimpression3d.com\/\"},{\"@type\":\"ListItem\",\"position\":2,\"name\":\"Capacit\u00e9 machine et mat\u00e9riaux\"}]},{\"@type\":\"WebSite\",\"@id\":\"https:\/\/asimpression3d.com\/#website\",\"url\":\"https:\/\/asimpression3d.com\/\",\"name\":\"Impression 3D Vienne 86\",\"description\":\"Impression 3D conception et production \u00e0 votre service\",\"publisher\":{\"@id\":\"https:\/\/asimpression3d.com\/#organization\"},\"potentialAction\":[{\"@type\":\"SearchAction\",\"target\":{\"@type\":\"EntryPoint\",\"urlTemplate\":\"https:\/\/asimpression3d.com\/?s={search_term_string}\"},\"query-input\":{\"@type\":\"PropertyValueSpecification\",\"valueRequired\":true,\"valueName\":\"search_term_string\"}}],\"inLanguage\":\"fr-FR\"},{\"@type\":\"Organization\",\"@id\":\"https:\/\/asimpression3d.com\/#organization\",\"name\":\"AS-3D\",\"url\":\"https:\/\/asimpression3d.com\/\",\"logo\":{\"@type\":\"ImageObject\",\"inLanguage\":\"fr-FR\",\"@id\":\"https:\/\/asimpression3d.com\/#\/schema\/logo\/image\/\",\"url\":\"https:\/\/i2.wp.com\/asimpression3d.com\/wp-content\/uploads\/2021\/02\/logo-original.png?fit=1875%2C1079&ssl=1\",\"contentUrl\":\"https:\/\/i2.wp.com\/asimpression3d.com\/wp-content\/uploads\/2021\/02\/logo-original.png?fit=1875%2C1079&ssl=1\",\"width\":1875,\"height\":1079,\"caption\":\"AS-3D\"},\"image\":{\"@id\":\"https:\/\/asimpression3d.com\/#\/schema\/logo\/image\/\"},\"sameAs\":[\"https:\/\/www.facebook.com\/AS-3D-106638415134071\/\"]}]}<\/script>\n<!-- \/ Yoast SEO plugin. -->","yoast_head_json":{"title":"Capacit\u00e9 machine et mat\u00e9riaux - Impression 3D Vienne 86","robots":{"index":"index","follow":"follow","max-snippet":"max-snippet:-1","max-image-preview":"max-image-preview:large","max-video-preview":"max-video-preview:-1"},"canonical":"https:\/\/asimpression3d.com\/index.php\/capacite-machine-et-materiaux\/","og_locale":"fr_FR","og_type":"article","og_title":"Capacit\u00e9 machine et mat\u00e9riaux - Impression 3D Vienne 86","og_description":"Technologie FDM (D\u00e9p\u00f4t de Mati\u00e8re par Fusion) Volume d&rsquo;impression en mm Longueur x largeur x Hauteur : 310 x 310 x 400 mm (Volume d\u00e9di\u00e9 au prototypage) 230 x 230 x 250 mm Pr\u00e9cision jusqu&rsquo;\u00e0 50 micron Tol\u00e9rance \u00b1 0.1 mm &nbsp; Mat\u00e9riaux utilis\u00e9 : PLA, ABS, ASA, HIPS, PETG Alimentaire, PC, Nylon, TPU, Filament [&hellip;]","og_url":"https:\/\/asimpression3d.com\/index.php\/capacite-machine-et-materiaux\/","og_site_name":"Impression 3D Vienne 86","article_publisher":"https:\/\/www.facebook.com\/AS-3D-106638415134071\/","article_modified_time":"2022-01-05T08:48:28+00:00","og_image":[{"url":"http:\/\/asimpression3d.com\/wp-content\/uploads\/2020\/11\/bobine.jpg","type":"","width":"","height":""}],"twitter_card":"summary_large_image","twitter_misc":{"Dur\u00e9e de lecture estim\u00e9e":"1 minute"},"schema":{"@context":"https:\/\/schema.org","@graph":[{"@type":"WebPage","@id":"https:\/\/asimpression3d.com\/index.php\/capacite-machine-et-materiaux\/","url":"https:\/\/asimpression3d.com\/index.php\/capacite-machine-et-materiaux\/","name":"Capacit\u00e9 machine et mat\u00e9riaux - Impression 3D Vienne 86","isPartOf":{"@id":"https:\/\/asimpression3d.com\/#website"},"primaryImageOfPage":{"@id":"https:\/\/asimpression3d.com\/index.php\/capacite-machine-et-materiaux\/#primaryimage"},"image":{"@id":"https:\/\/asimpression3d.com\/index.php\/capacite-machine-et-materiaux\/#primaryimage"},"thumbnailUrl":"http:\/\/asimpression3d.com\/wp-content\/uploads\/2020\/11\/bobine.jpg","datePublished":"2020-11-25T10:13:14+00:00","dateModified":"2022-01-05T08:48:28+00:00","breadcrumb":{"@id":"https:\/\/asimpression3d.com\/index.php\/capacite-machine-et-materiaux\/#breadcrumb"},"inLanguage":"fr-FR","potentialAction":[{"@type":"ReadAction","target":["https:\/\/asimpression3d.com\/index.php\/capacite-machine-et-materiaux\/"]}]},{"@type":"ImageObject","inLanguage":"fr-FR","@id":"https:\/\/asimpression3d.com\/index.php\/capacite-machine-et-materiaux\/#primaryimage","url":"http:\/\/asimpression3d.com\/wp-content\/uploads\/2020\/11\/bobine.jpg","contentUrl":"http:\/\/asimpression3d.com\/wp-content\/uploads\/2020\/11\/bobine.jpg"},{"@type":"BreadcrumbList","@id":"https:\/\/asimpression3d.com\/index.php\/capacite-machine-et-materiaux\/#breadcrumb","itemListElement":[{"@type":"ListItem","position":1,"name":"Accueil","item":"https:\/\/asimpression3d.com\/"},{"@type":"ListItem","position":2,"name":"Capacit\u00e9 machine et mat\u00e9riaux"}]},{"@type":"WebSite","@id":"https:\/\/asimpression3d.com\/#website","url":"https:\/\/asimpression3d.com\/","name":"Impression 3D Vienne 86","description":"Impression 3D conception et production \u00e0 votre service","publisher":{"@id":"https:\/\/asimpression3d.com\/#organization"},"potentialAction":[{"@type":"SearchAction","target":{"@type":"EntryPoint","urlTemplate":"https:\/\/asimpression3d.com\/?s={search_term_string}"},"query-input":{"@type":"PropertyValueSpecification","valueRequired":true,"valueName":"search_term_string"}}],"inLanguage":"fr-FR"},{"@type":"Organization","@id":"https:\/\/asimpression3d.com\/#organization","name":"AS-3D","url":"https:\/\/asimpression3d.com\/","logo":{"@type":"ImageObject","inLanguage":"fr-FR","@id":"https:\/\/asimpression3d.com\/#\/schema\/logo\/image\/","url":"https:\/\/i2.wp.com\/asimpression3d.com\/wp-content\/uploads\/2021\/02\/logo-original.png?fit=1875%2C1079&ssl=1","contentUrl":"https:\/\/i2.wp.com\/asimpression3d.com\/wp-content\/uploads\/2021\/02\/logo-original.png?fit=1875%2C1079&ssl=1","width":1875,"height":1079,"caption":"AS-3D"},"image":{"@id":"https:\/\/asimpression3d.com\/#\/schema\/logo\/image\/"},"sameAs":["https:\/\/www.facebook.com\/AS-3D-106638415134071\/"]}]}},"jetpack_sharing_enabled":true,"amp_enabled":true,"_links":{"self":[{"href":"https:\/\/asimpression3d.com\/index.php\/wp-json\/wp\/v2\/pages\/13","targetHints":{"allow":["GET"]}}],"collection":[{"href":"https:\/\/asimpression3d.com\/index.php\/wp-json\/wp\/v2\/pages"}],"about":[{"href":"https:\/\/asimpression3d.com\/index.php\/wp-json\/wp\/v2\/types\/page"}],"author":[{"embeddable":true,"href":"https:\/\/asimpression3d.com\/index.php\/wp-json\/wp\/v2\/users\/1"}],"replies":[{"embeddable":true,"href":"https:\/\/asimpression3d.com\/index.php\/wp-json\/wp\/v2\/comments?post=13"}],"version-history":[{"count":66,"href":"https:\/\/asimpression3d.com\/index.php\/wp-json\/wp\/v2\/pages\/13\/revisions"}],"predecessor-version":[{"id":886,"href":"https:\/\/asimpression3d.com\/index.php\/wp-json\/wp\/v2\/pages\/13\/revisions\/886"}],"wp:attachment":[{"href":"https:\/\/asimpression3d.com\/index.php\/wp-json\/wp\/v2\/media?parent=13"}],"curies":[{"name":"wp","href":"https:\/\/api.w.org\/{rel}","templated":true}]}}